{"id":509,"date":"2021-11-03T16:13:05","date_gmt":"2021-11-03T16:13:05","guid":{"rendered":"https:\/\/grupomarvilogistica.com\/?page_id=509"},"modified":"2026-03-11T15:20:10","modified_gmt":"2026-03-11T15:20:10","slug":"grupo-marvi-logistica","status":"publish","type":"page","link":"https:\/\/grupomarvilogistica.com\/en\/grupo-marvi-logistica\/","title":{"rendered":"MARVI LOGISTICA GROUP"},"content":{"rendered":"<h2>Logistics Warehouse since 1999<\/h2>\n<p>\t\t\t\t\t<a href=\"https:\/\/grupomarvilogistica.com\/en\/contacto-2\/\"><br \/>\n\t\t\t\t\t\t\t\t\tCONTACT<br \/>\n\t\t\t\t\t<\/a><br \/>\n\t\t\t\t\t<a href=\"https:\/\/grupomarvilogistica.com\/en\/servicios\/\"><br \/>\n\t\t\t\t\t\t\t\t\tSERVICES<br \/>\n\t\t\t\t\t<\/a><\/p>\n<h3>Why us?<\/h3>\n<h3>Technology<\/h3>\n<p>Internal computerised systems for total control of our material.<\/p>\n<h3>Experience<\/h3>\n<p>More than 20 years in the sector are our guarantee.<\/p>\n<h3>24h attention<\/h3>\n<p>We offer a total service 24 hours a day, 365 days a year.<\/p>\n<h3>Control of dispatch systems<\/h3>\n<p>E-Car, Supplier Manifest, KANBAN.<\/p>\n<h3>Marvi Log\u00edstica began operating in 1999. Starting out as a small company dedicated to the storage, distribution and repackaging of automotive industry accessories, over time and thanks to continuous hard work, we have established ourselves within the integrated logistics sector.<\/h3>\n<h3>About us<\/h3>\n<p>Logistics company founded in 1999.<\/p>\n<h3>Our mission<\/h3>\n<p>To offer any type of logistics solution to our customers at any time of the year.<\/p>\n<h3>Our Services<\/h3>\n<ul>\n<li>\n\t\t\t\t\t\t\t\t\t\tFIFO\n\t\t\t\t\t\t\t\t\t<\/li>\n<li>\n\t\t\t\t\t\t\t\t\t\tHuman Resources Department\n\t\t\t\t\t\t\t\t\t<\/li>\n<li>\n\t\t\t\t\t\t\t\t\t\tInternal computerised systems\n\t\t\t\t\t\t\t\t\t<\/li>\n<\/ul>","protected":false},"excerpt":{"rendered":"<p>Almac\u00e9n log\u00edstico desde 1999 contacto nuestros servicios \u00bfPor qu\u00e9 nosotros? Tecnolog\u00eda Sistemas informatizados internos para un control total de nuestro material. Experiencia M\u00e1s de 20 a\u00f1os en el sector nos avalan. Atenci\u00f3n 24h Ofrecemos un servicio total las 24h del d\u00eda, los 365 d\u00edas del a\u00f1o. Control de sistemas de expedici\u00f3n E-Car, Supplier Manifest, KANBAN. &hellip; <\/p>\n<p class=\"link-more\"><a href=\"https:\/\/grupomarvilogistica.com\/en\/grupo-marvi-logistica\/\" class=\"more-link\">Read more<span class=\"screen-reader-text\"> \u00abGRUPO MARVI LOG\u00cdSTICA\u00bb<\/span><\/a><\/p>","protected":false},"author":1,"featured_media":710,"parent":0,"menu_order":0,"comment_status":"closed","ping_status":"closed","template":"","meta":{"inspiro_hide_title":false,"footnotes":""},"class_list":["post-509","page","type-page","status-publish","has-post-thumbnail","hentry"],"yoast_head":"<!-- This site is optimized with the Yoast SEO plugin v27.5 - https:\/\/yoast.com\/product\/yoast-seo-wordpress\/ -->\n<title>GRUPO MARVI LOG\u00cdSTICA - Marvi Log\u00edstica S.L<\/title>\n<meta name=\"description\" content=\"Empresa fundada en el a\u00f1o 1999, nos encargamos de gestionar una log\u00edstica integral.\" \/>\n<meta name=\"robots\" content=\"index, follow, max-snippet:-1, max-image-preview:large, max-video-preview:-1\" \/>\n<link rel=\"canonical\" href=\"https:\/\/grupomarvilogistica.com\/en\/grupo-marvi-logistica\/\" \/>\n<meta property=\"og:locale\" content=\"en_GB\" \/>\n<meta property=\"og:type\" content=\"article\" \/>\n<meta property=\"og:title\" content=\"GRUPO MARVI LOG\u00cdSTICA - Marvi Log\u00edstica S.L\" \/>\n<meta property=\"og:description\" content=\"Empresa fundada en el a\u00f1o 1999, nos encargamos de gestionar una log\u00edstica integral.\" \/>\n<meta property=\"og:url\" content=\"https:\/\/grupomarvilogistica.com\/en\/grupo-marvi-logistica\/\" \/>\n<meta property=\"og:site_name\" content=\"Marvi Log\u00edstica S.L\" \/>\n<meta property=\"article:modified_time\" content=\"2026-03-11T15:20:10+00:00\" \/>\n<meta property=\"og:image\" content=\"https:\/\/grupomarvilogistica.com\/wp-content\/uploads\/2022\/03\/image0-2.jpeg\" \/>\n\t<meta property=\"og:image:width\" content=\"1125\" \/>\n\t<meta property=\"og:image:height\" content=\"625\" \/>\n\t<meta property=\"og:image:type\" content=\"image\/jpeg\" \/>\n<meta name=\"twitter:card\" content=\"summary_large_image\" \/>\n<meta name=\"twitter:label1\" content=\"Estimated reading time\" \/>\n\t<meta name=\"twitter:data1\" content=\"1 minute\" \/>\n<script type=\"application\/ld+json\" class=\"yoast-schema-graph\">{\"@context\":\"https:\\\/\\\/schema.org\",\"@graph\":[{\"@type\":\"WebPage\",\"@id\":\"https:\\\/\\\/grupomarvilogistica.com\\\/grupo-marvi-logistica\\\/\",\"url\":\"https:\\\/\\\/grupomarvilogistica.com\\\/grupo-marvi-logistica\\\/\",\"name\":\"GRUPO MARVI LOG\u00cdSTICA - Marvi Log\u00edstica S.L\",\"isPartOf\":{\"@id\":\"https:\\\/\\\/grupomarvilogistica.com\\\/#website\"},\"primaryImageOfPage\":{\"@id\":\"https:\\\/\\\/grupomarvilogistica.com\\\/grupo-marvi-logistica\\\/#primaryimage\"},\"image\":{\"@id\":\"https:\\\/\\\/grupomarvilogistica.com\\\/grupo-marvi-logistica\\\/#primaryimage\"},\"thumbnailUrl\":\"https:\\\/\\\/grupomarvilogistica.com\\\/wp-content\\\/uploads\\\/2022\\\/03\\\/image0-2.jpeg\",\"datePublished\":\"2021-11-03T16:13:05+00:00\",\"dateModified\":\"2026-03-11T15:20:10+00:00\",\"description\":\"Empresa fundada en el a\u00f1o 1999, nos encargamos de gestionar una log\u00edstica integral.\",\"breadcrumb\":{\"@id\":\"https:\\\/\\\/grupomarvilogistica.com\\\/grupo-marvi-logistica\\\/#breadcrumb\"},\"inLanguage\":\"en-GB\",\"potentialAction\":[{\"@type\":\"ReadAction\",\"target\":[\"https:\\\/\\\/grupomarvilogistica.com\\\/grupo-marvi-logistica\\\/\"]}]},{\"@type\":\"ImageObject\",\"inLanguage\":\"en-GB\",\"@id\":\"https:\\\/\\\/grupomarvilogistica.com\\\/grupo-marvi-logistica\\\/#primaryimage\",\"url\":\"https:\\\/\\\/grupomarvilogistica.com\\\/wp-content\\\/uploads\\\/2022\\\/03\\\/image0-2.jpeg\",\"contentUrl\":\"https:\\\/\\\/grupomarvilogistica.com\\\/wp-content\\\/uploads\\\/2022\\\/03\\\/image0-2.jpeg\",\"width\":1125,\"height\":625},{\"@type\":\"BreadcrumbList\",\"@id\":\"https:\\\/\\\/grupomarvilogistica.com\\\/grupo-marvi-logistica\\\/#breadcrumb\",\"itemListElement\":[{\"@type\":\"ListItem\",\"position\":1,\"name\":\"Home\",\"item\":\"https:\\\/\\\/grupomarvilogistica.com\\\/\"},{\"@type\":\"ListItem\",\"position\":2,\"name\":\"GRUPO MARVI LOG\u00cdSTICA\"}]},{\"@type\":\"WebSite\",\"@id\":\"https:\\\/\\\/grupomarvilogistica.com\\\/#website\",\"url\":\"https:\\\/\\\/grupomarvilogistica.com\\\/\",\"name\":\"Marvi Log\u00edstica S.L\",\"description\":\"Almac\u00e9n Log\u00edstico Avanzado\",\"potentialAction\":[{\"@type\":\"SearchAction\",\"target\":{\"@type\":\"EntryPoint\",\"urlTemplate\":\"https:\\\/\\\/grupomarvilogistica.com\\\/?s={search_term_string}\"},\"query-input\":{\"@type\":\"PropertyValueSpecification\",\"valueRequired\":true,\"valueName\":\"search_term_string\"}}],\"inLanguage\":\"en-GB\"}]}<\/script>\n<!-- \/ Yoast SEO plugin. -->","yoast_head_json":{"title":"GRUPO MARVI LOG\u00cdSTICA - Marvi Log\u00edstica S.L","description":"Empresa fundada en el a\u00f1o 1999, nos encargamos de gestionar una log\u00edstica integral.","robots":{"index":"index","follow":"follow","max-snippet":"max-snippet:-1","max-image-preview":"max-image-preview:large","max-video-preview":"max-video-preview:-1"},"canonical":"https:\/\/grupomarvilogistica.com\/en\/grupo-marvi-logistica\/","og_locale":"en_GB","og_type":"article","og_title":"GRUPO MARVI LOG\u00cdSTICA - Marvi Log\u00edstica S.L","og_description":"Empresa fundada en el a\u00f1o 1999, nos encargamos de gestionar una log\u00edstica integral.","og_url":"https:\/\/grupomarvilogistica.com\/en\/grupo-marvi-logistica\/","og_site_name":"Marvi Log\u00edstica S.L","article_modified_time":"2026-03-11T15:20:10+00:00","og_image":[{"width":1125,"height":625,"url":"https:\/\/grupomarvilogistica.com\/wp-content\/uploads\/2022\/03\/image0-2.jpeg","type":"image\/jpeg"}],"twitter_card":"summary_large_image","twitter_misc":{"Estimated reading time":"1 minute"},"schema":{"@context":"https:\/\/schema.org","@graph":[{"@type":"WebPage","@id":"https:\/\/grupomarvilogistica.com\/grupo-marvi-logistica\/","url":"https:\/\/grupomarvilogistica.com\/grupo-marvi-logistica\/","name":"GRUPO MARVI LOG\u00cdSTICA - Marvi Log\u00edstica S.L","isPartOf":{"@id":"https:\/\/grupomarvilogistica.com\/#website"},"primaryImageOfPage":{"@id":"https:\/\/grupomarvilogistica.com\/grupo-marvi-logistica\/#primaryimage"},"image":{"@id":"https:\/\/grupomarvilogistica.com\/grupo-marvi-logistica\/#primaryimage"},"thumbnailUrl":"https:\/\/grupomarvilogistica.com\/wp-content\/uploads\/2022\/03\/image0-2.jpeg","datePublished":"2021-11-03T16:13:05+00:00","dateModified":"2026-03-11T15:20:10+00:00","description":"Empresa fundada en el a\u00f1o 1999, nos encargamos de gestionar una log\u00edstica integral.","breadcrumb":{"@id":"https:\/\/grupomarvilogistica.com\/grupo-marvi-logistica\/#breadcrumb"},"inLanguage":"en-GB","potentialAction":[{"@type":"ReadAction","target":["https:\/\/grupomarvilogistica.com\/grupo-marvi-logistica\/"]}]},{"@type":"ImageObject","inLanguage":"en-GB","@id":"https:\/\/grupomarvilogistica.com\/grupo-marvi-logistica\/#primaryimage","url":"https:\/\/grupomarvilogistica.com\/wp-content\/uploads\/2022\/03\/image0-2.jpeg","contentUrl":"https:\/\/grupomarvilogistica.com\/wp-content\/uploads\/2022\/03\/image0-2.jpeg","width":1125,"height":625},{"@type":"BreadcrumbList","@id":"https:\/\/grupomarvilogistica.com\/grupo-marvi-logistica\/#breadcrumb","itemListElement":[{"@type":"ListItem","position":1,"name":"Home","item":"https:\/\/grupomarvilogistica.com\/"},{"@type":"ListItem","position":2,"name":"GRUPO MARVI LOG\u00cdSTICA"}]},{"@type":"WebSite","@id":"https:\/\/grupomarvilogistica.com\/#website","url":"https:\/\/grupomarvilogistica.com\/","name":"Marvi Log\u00edstica S.L","description":"Advanced Logistics Warehouse","potentialAction":[{"@type":"SearchAction","target":{"@type":"EntryPoint","urlTemplate":"https:\/\/grupomarvilogistica.com\/?s={search_term_string}"},"query-input":{"@type":"PropertyValueSpecification","valueRequired":true,"valueName":"search_term_string"}}],"inLanguage":"en-GB"}]}},"_links":{"self":[{"href":"https:\/\/grupomarvilogistica.com\/en\/wp-json\/wp\/v2\/pages\/509","targetHints":{"allow":["GET"]}}],"collection":[{"href":"https:\/\/grupomarvilogistica.com\/en\/wp-json\/wp\/v2\/pages"}],"about":[{"href":"https:\/\/grupomarvilogistica.com\/en\/wp-json\/wp\/v2\/types\/page"}],"author":[{"embeddable":true,"href":"https:\/\/grupomarvilogistica.com\/en\/wp-json\/wp\/v2\/users\/1"}],"replies":[{"embeddable":true,"href":"https:\/\/grupomarvilogistica.com\/en\/wp-json\/wp\/v2\/comments?post=509"}],"version-history":[{"count":5,"href":"https:\/\/grupomarvilogistica.com\/en\/wp-json\/wp\/v2\/pages\/509\/revisions"}],"predecessor-version":[{"id":810,"href":"https:\/\/grupomarvilogistica.com\/en\/wp-json\/wp\/v2\/pages\/509\/revisions\/810"}],"wp:featuredmedia":[{"embeddable":true,"href":"https:\/\/grupomarvilogistica.com\/en\/wp-json\/wp\/v2\/media\/710"}],"wp:attachment":[{"href":"https:\/\/grupomarvilogistica.com\/en\/wp-json\/wp\/v2\/media?parent=509"}],"curies":[{"name":"wp","href":"https:\/\/api.w.org\/{rel}","templated":true}]}}